{"id":2704,"date":"2020-09-23T12:06:55","date_gmt":"2020-09-23T10:06:55","guid":{"rendered":"https:\/\/knestel.de\/applications\/applications-shooting-sport\/shooting-optiscore\/"},"modified":"2024-04-01T20:45:56","modified_gmt":"2024-04-01T18:45:56","slug":"optiscore","status":"publish","type":"page","link":"https:\/\/knestel.de\/en\/solutions\/shooting-sport\/optiscore\/","title":{"rendered":"Optiscore"},"content":{"rendered":"\t\t<div data-elementor-type=\"wp-page\" data-elementor-id=\"2704\" class=\"elementor elementor-2704 elementor-2647\" data-elementor-post-type=\"page\">\n\t\t\t\t\t\t<section class=\"elementor-section elementor-top-section elementor-element elementor-element-facf2b2 elementor-section-boxed elementor-section-height-default elementor-section-height-default\" data-id=\"facf2b2\" data-element_type=\"section\" data-settings=\"{&quot;background_background&quot;:&quot;classic&quot;}\">\n\t\t\t\t\t\t<div class=\"elementor-container elementor-column-gap-default\">\n\t\t\t\t\t<div class=\"elementor-column elementor-col-100 elementor-top-column elementor-element elementor-element-2d5a36d\" data-id=\"2d5a36d\" data-element_type=\"column\">\n\t\t\t<div class=\"elementor-widget-wrap elementor-element-populated\">\n\t\t\t\t\t\t<div class=\"elementor-element elementor-element-a7a6cdd elementor-widget elementor-widget-heading\" data-id=\"a7a6cdd\" data-element_type=\"widget\" data-widget_type=\"heading.default\">\n\t\t\t\t<div class=\"elementor-widget-container\">\n\t\t\t\t\t<h1 class=\"elementor-heading-title elementor-size-default\">Optiscore<\/h1>\t\t\t\t<\/div>\n\t\t\t\t<\/div>\n\t\t\t\t<div class=\"elementor-element elementor-element-cfed1cd elementor-widget-divider--view-line elementor-widget elementor-widget-divider\" data-id=\"cfed1cd\" data-element_type=\"widget\" data-widget_type=\"divider.default\">\n\t\t\t\t<div class=\"elementor-widget-container\">\n\t\t\t\t\t\t\t<div class=\"elementor-divider\">\n\t\t\t<span class=\"elementor-divider-separator\">\n\t\t\t\t\t\t<\/span>\n\t\t<\/div>\n\t\t\t\t\t\t<\/div>\n\t\t\t\t<\/div>\n\t\t\t\t<div class=\"elementor-element elementor-element-1abaddb elementor-widget elementor-widget-heading\" data-id=\"1abaddb\" data-element_type=\"widget\" data-widget_type=\"heading.default\">\n\t\t\t\t<div class=\"elementor-widget-container\">\n\t\t\t\t\t<h2 class=\"elementor-heading-title elementor-size-default\">Optischer Scheibenmessrahmen zur elektronischen Direktauswertung<\/h2>\t\t\t\t<\/div>\n\t\t\t\t<\/div>\n\t\t\t\t<section class=\"elementor-section elementor-inner-section elementor-element elementor-element-9c17189 elementor-section-boxed elementor-section-height-default elementor-section-height-default\" data-id=\"9c17189\" data-element_type=\"section\">\n\t\t\t\t\t\t<div class=\"elementor-container elementor-column-gap-default\">\n\t\t\t\t\t<div class=\"elementor-column elementor-col-50 elementor-inner-column elementor-element elementor-element-5f2d5c3\" data-id=\"5f2d5c3\" data-element_type=\"column\">\n\t\t\t<div class=\"elementor-widget-wrap elementor-element-populated\">\n\t\t\t\t\t\t<div class=\"elementor-element elementor-element-22d1fac elementor-widget elementor-widget-heading\" data-id=\"22d1fac\" data-element_type=\"widget\" data-widget_type=\"heading.default\">\n\t\t\t\t<div class=\"elementor-widget-container\">\n\t\t\t\t\t<h4 class=\"elementor-heading-title elementor-size-default\">Elektronische Zielscheibe auf Infrarotbasis<\/h4>\t\t\t\t<\/div>\n\t\t\t\t<\/div>\n\t\t\t\t<div class=\"elementor-element elementor-element-324c8e2 elementor-widget elementor-widget-text-editor\" data-id=\"324c8e2\" data-element_type=\"widget\" data-widget_type=\"text-editor.default\">\n\t\t\t\t<div class=\"elementor-widget-container\">\n\t\t\t\t\t\t\t\t\t<p>\u00dcber einen doppelten Lichtvorhang (Infrarot) wird ein Geschoss an der Zielscheibe erkannt und \u00fcber zwei Highspeed-Optiken pr\u00e4zise erfasst.<\/p>\n<p>Durch den doppelten Lichtvorhang erreichen wir eine sehr hohe Messaufl\u00f6sung und k\u00f6nnen auch St\u00f6reinfl\u00fcsse (z.B. Fremdobjekte wie Fliegen) oder unterschiedlich gro\u00dfe Sch\u00fctzen herausrechnen. Das optische System ist verschlei\u00dffrei.<br \/>Eine &#8220;menschliche&#8221; Kontrolle des Ergebnisses ist auf Wunsch m\u00f6glich.<\/p>\n<p>Das System wird komplett mit einer Rechnereinheit und optionalem Monitor geliefert.<\/p>\n<p><strong>Vetriebspartner f\u00fcr das OpticScore ist die Firma <a href=\"http:\/\/www.disag.de\/\" target=\"_blank\" rel=\"noopener\">DISAG International.<\/a><\/strong><br \/><strong>Unter <a href=\"https:\/\/www.disag.de\" target=\"_blank\" rel=\"noopener\">www.disag.de<\/a> finden Sie alle Produkte und Support f\u00fcr das umfangreiche Sortiment im Bereich Schie\u00dfsport.<br \/><\/strong><\/p>\n\t\t\t\t\t\t\t\t<\/div>\n\t\t\t\t<\/div>\n\t\t\t\t<div class=\"elementor-element elementor-element-dd38fd9 elementor-widget elementor-widget-image\" data-id=\"dd38fd9\" data-element_type=\"widget\" data-widget_type=\"image.default\">\n\t\t\t\t<div class=\"elementor-widget-container\">\n\t\t\t\t\t\t\t\t\t\t\t\t\t\t\t\t<a href=\"https:\/\/www.disag.de\/\" target=\"_blank\" rel=\"noopener\">\n\t\t\t\t\t\t\t<img decoding=\"async\" width=\"300\" height=\"75\" src=\"https:\/\/knestel.de\/wp-content\/uploads\/2020\/11\/KNESTEL-Disag_Logo-300x75.png\" class=\"attachment-medium size-medium wp-image-6124\" alt=\"\" srcset=\"https:\/\/knestel.de\/wp-content\/uploads\/2020\/11\/KNESTEL-Disag_Logo-300x75.png 300w, https:\/\/knestel.de\/wp-content\/uploads\/2020\/11\/KNESTEL-Disag_Logo-1024x255.png 1024w, https:\/\/knestel.de\/wp-content\/uploads\/2020\/11\/KNESTEL-Disag_Logo-768x191.png 768w, https:\/\/knestel.de\/wp-content\/uploads\/2020\/11\/KNESTEL-Disag_Logo-1536x382.png 1536w, https:\/\/knestel.de\/wp-content\/uploads\/2020\/11\/KNESTEL-Disag_Logo.png 2000w\" sizes=\"(max-width: 300px) 100vw, 300px\" \/>\t\t\t\t\t\t\t\t<\/a>\n\t\t\t\t\t\t\t\t\t\t\t\t\t\t\t<\/div>\n\t\t\t\t<\/div>\n\t\t\t\t\t<\/div>\n\t\t<\/div>\n\t\t\t\t<div class=\"elementor-column elementor-col-50 elementor-inner-column elementor-element elementor-element-5db74ad\" data-id=\"5db74ad\" data-element_type=\"column\">\n\t\t\t<div class=\"elementor-widget-wrap elementor-element-populated\">\n\t\t\t\t\t\t<div class=\"elementor-element elementor-element-6fff426 elementor-widget elementor-widget-image\" data-id=\"6fff426\" data-element_type=\"widget\" data-widget_type=\"image.default\">\n\t\t\t\t<div class=\"elementor-widget-container\">\n\t\t\t\t\t\t\t\t\t\t\t\t\t\t\t<img decoding=\"async\" width=\"189\" height=\"190\" src=\"https:\/\/knestel.de\/wp-content\/uploads\/2020\/11\/disag_optiscore.png\" class=\"attachment-medium size-medium wp-image-5485\" alt=\"\" srcset=\"https:\/\/knestel.de\/wp-content\/uploads\/2020\/11\/disag_optiscore.png 189w, https:\/\/knestel.de\/wp-content\/uploads\/2020\/11\/disag_optiscore-150x150.png 150w\" sizes=\"(max-width: 189px) 100vw, 189px\" \/>\t\t\t\t\t\t\t\t\t\t\t\t\t\t\t<\/div>\n\t\t\t\t<\/div>\n\t\t\t\t\t<\/div>\n\t\t<\/div>\n\t\t\t\t\t<\/div>\n\t\t<\/section>\n\t\t\t\t\t<\/div>\n\t\t<\/div>\n\t\t\t\t\t<\/div>\n\t\t<\/section>\n\t\t\t\t<section data-eae-particle=\"{\n  &quot;particles&quot;: {\n    &quot;number&quot;: {\n      &quot;value&quot;: 40,\n      &quot;density&quot;: {\n        &quot;enable&quot;: true,\n        &quot;value_area&quot;: 800\n      }\n    },\n    &quot;color&quot;: {\n      &quot;value&quot;: &quot;#54595F&quot;\n    },\n    &quot;shape&quot;: {\n      &quot;type&quot;: &quot;circle&quot;,\n      &quot;stroke&quot;: {\n        &quot;width&quot;: 0,\n        &quot;color&quot;: &quot;#C3C2C3&quot;\n      },\n      &quot;polygon&quot;: {\n        &quot;nb_sides&quot;: 5\n      },\n      &quot;image&quot;: {\n        &quot;src&quot;: &quot;img\/github.svg&quot;,\n        &quot;width&quot;: 100,\n        &quot;height&quot;: 100\n      }\n    },\n    &quot;opacity&quot;: {\n      &quot;value&quot;: 0.5,\n      &quot;random&quot;: false,\n      &quot;anim&quot;: {\n        &quot;enable&quot;: false,\n        &quot;speed&quot;: 1,\n        &quot;opacity_min&quot;: 0.1,\n        &quot;sync&quot;: false\n      }\n    },\n    &quot;size&quot;: {\n      &quot;value&quot;: 3,\n      &quot;random&quot;: true,\n      &quot;anim&quot;: {\n        &quot;enable&quot;: false,\n        &quot;speed&quot;: 30,\n        &quot;size_min&quot;: 0.1,\n        &quot;sync&quot;: false\n      }\n    },\n    &quot;line_linked&quot;: {\n      &quot;enable&quot;: true,\n      &quot;distance&quot;: 150,\n      &quot;color&quot;: &quot;#54595F&quot;,\n      &quot;opacity&quot;: 0.4,\n      &quot;width&quot;: 2\n    },\n    &quot;move&quot;: {\n      &quot;enable&quot;: true,\n      &quot;speed&quot;: 3,\n      &quot;direction&quot;: &quot;none&quot;,\n      &quot;random&quot;: false,\n      &quot;straight&quot;: false,\n      &quot;out_mode&quot;: &quot;out&quot;,\n      &quot;bounce&quot;: false,\n      &quot;attract&quot;: {\n        &quot;enable&quot;: false,\n        &quot;rotateX&quot;: 600,\n        &quot;rotateY&quot;: 1200\n      }\n    }\n  },\n  &quot;interactivity&quot;: {\n    &quot;detect_on&quot;: &quot;canvas&quot;,\n    &quot;events&quot;: {\n      &quot;onhover&quot;: {\n        &quot;enable&quot;: true,\n        &quot;mode&quot;: &quot;repulse&quot;\n      },\n      &quot;onclick&quot;: {\n        &quot;enable&quot;: true,\n        &quot;mode&quot;: &quot;push&quot;\n      },\n      &quot;resize&quot;: true\n    },\n    &quot;modes&quot;: {\n      &quot;grab&quot;: {\n        &quot;distance&quot;: 400,\n        &quot;line_linked&quot;: {\n          &quot;opacity&quot;: 1\n        }\n      },\n      &quot;bubble&quot;: {\n        &quot;distance&quot;: 400,\n        &quot;size&quot;: 40,\n        &quot;duration&quot;: 2,\n        &quot;opacity&quot;: 8,\n        &quot;speed&quot;: 3\n      },\n      &quot;repulse&quot;: {\n        &quot;distance&quot;: 200,\n        &quot;duration&quot;: 0.4\n      },\n      &quot;push&quot;: {\n        &quot;particles_nb&quot;: 4\n      },\n      &quot;remove&quot;: {\n        &quot;particles_nb&quot;: 2\n      }\n    }\n  },\n  &quot;retina_detect&quot;: true\n}\" class=\"elementor-section elementor-top-section elementor-element elementor-element-d4bd58f eae-particle-yes elementor-section-boxed elementor-section-height-default elementor-section-height-default\" data-id=\"d4bd58f\" data-element_type=\"section\" data-settings=\"{&quot;background_background&quot;:&quot;classic&quot;}\">\n\t\t\t\t\t\t\t<div class=\"elementor-background-overlay\"><\/div>\n\t\t\t\t\t\t\t<div class=\"elementor-container elementor-column-gap-default\">\n\t\t\t\t\t<div class=\"elementor-column elementor-col-50 elementor-top-column elementor-element elementor-element-59ae120\" data-id=\"59ae120\" data-element_type=\"column\">\n\t\t\t<div class=\"elementor-widget-wrap elementor-element-populated\">\n\t\t\t\t\t\t<div class=\"elementor-element elementor-element-1174dd3 elementor-widget elementor-widget-heading\" data-id=\"1174dd3\" data-element_type=\"widget\" data-widget_type=\"heading.default\">\n\t\t\t\t<div class=\"elementor-widget-container\">\n\t\t\t\t\t<h2 class=\"elementor-heading-title elementor-size-default\">Interesse <br><span style=\"color:#E30613\">geweckt?<\/span><\/h2>\t\t\t\t<\/div>\n\t\t\t\t<\/div>\n\t\t\t\t<div class=\"elementor-element elementor-element-cfb8590 elementor-hidden-desktop elementor-hidden-tablet elementor-widget elementor-widget-global elementor-global-7897 elementor-widget-button\" data-id=\"cfb8590\" data-element_type=\"widget\" data-widget_type=\"button.default\">\n\t\t\t\t<div class=\"elementor-widget-container\">\n\t\t\t\t\t\t\t\t\t<div class=\"elementor-button-wrapper\">\n\t\t\t\t\t<a class=\"elementor-button elementor-button-link elementor-size-sm\" href=\"http:\/\/knestel.de\/kontakt\/\">\n\t\t\t\t\t\t<span class=\"elementor-button-content-wrapper\">\n\t\t\t\t\t\t\t\t\t<span class=\"elementor-button-text\">Anfragen \u2192<\/span>\n\t\t\t\t\t<\/span>\n\t\t\t\t\t<\/a>\n\t\t\t\t<\/div>\n\t\t\t\t\t\t\t\t<\/div>\n\t\t\t\t<\/div>\n\t\t\t\t\t<\/div>\n\t\t<\/div>\n\t\t\t\t<div class=\"elementor-column elementor-col-50 elementor-top-column elementor-element elementor-element-0b7ddba elementor-hidden-phone\" data-id=\"0b7ddba\" data-element_type=\"column\" data-settings=\"{&quot;background_background&quot;:&quot;classic&quot;}\">\n\t\t\t<div class=\"elementor-widget-wrap elementor-element-populated\">\n\t\t\t\t\t\t<div class=\"elementor-element elementor-element-e593284 elementor-widget elementor-widget-wpforms\" data-id=\"e593284\" data-element_type=\"widget\" data-widget_type=\"wpforms.default\">\n\t\t\t\t<div class=\"elementor-widget-container\">\n\t\t\t\t\t<div class=\"wpforms-container wpforms-container-full\" id=\"wpforms-15495\"><form id=\"wpforms-form-15495\" class=\"wpforms-validate wpforms-form wpforms-ajax-form\" data-formid=\"15495\" method=\"post\" enctype=\"multipart\/form-data\" action=\"\/en\/wp-json\/wp\/v2\/pages\/2704\" data-token=\"ff84de3a291309377aa77168409e2a70\" data-token-time=\"1776483384\"><noscript class=\"wpforms-error-noscript\">Please enable JavaScript in your browser to complete this form.<\/noscript><div class=\"wpforms-field-container\"><div id=\"wpforms-15495-field_0-container\" class=\"wpforms-field wpforms-field-name wpforms-first wpforms-one-half\" data-field-id=\"0\"><label class=\"wpforms-field-label\" for=\"wpforms-15495-field_0\">Name <span class=\"wpforms-required-label\">*<\/span><\/label><input type=\"text\" id=\"wpforms-15495-field_0\" class=\"wpforms-field-large wpforms-field-required\" name=\"wpforms[fields][0]\" required><\/div><div id=\"wpforms-15495-field_4-container\" class=\"wpforms-field wpforms-field-text wpforms-one-half\" data-field-id=\"4\"><label class=\"wpforms-field-label\" for=\"wpforms-15495-field_4\">Company<\/label><input type=\"text\" id=\"wpforms-15495-field_4\" class=\"wpforms-field-large\" name=\"wpforms[fields][4]\" ><\/div><div id=\"wpforms-15495-field_1-container\" class=\"wpforms-field wpforms-field-email wpforms-first wpforms-one-half\" data-field-id=\"1\"><label class=\"wpforms-field-label\" for=\"wpforms-15495-field_1\">E-mail <span class=\"wpforms-required-label\">*<\/span><\/label><input type=\"email\" id=\"wpforms-15495-field_1\" class=\"wpforms-field-large wpforms-field-required\" name=\"wpforms[fields][1]\" spellcheck=\"false\" required><\/div>\t\t<div id=\"wpforms-15495-field_3-container\"\n\t\t\tclass=\"wpforms-field wpforms-field-text\"\n\t\t\tdata-field-type=\"text\"\n\t\t\tdata-field-id=\"3\"\n\t\t\t>\n\t\t\t<label class=\"wpforms-field-label\" for=\"wpforms-15495-field_3\" >Company Your Privacy<\/label>\n\t\t\t<input type=\"text\" id=\"wpforms-15495-field_3\" class=\"wpforms-field-medium\" name=\"wpforms[fields][3]\" >\n\t\t<\/div>\n\t\t<div id=\"wpforms-15495-field_8-container\" class=\"wpforms-field wpforms-field-text wpforms-one-half\" data-field-id=\"8\"><label class=\"wpforms-field-label\" for=\"wpforms-15495-field_8\">Phone<\/label><input type=\"text\" id=\"wpforms-15495-field_8\" class=\"wpforms-field-large\" name=\"wpforms[fields][8]\" ><\/div><div id=\"wpforms-15495-field_2-container\" class=\"wpforms-field wpforms-field-textarea\" data-field-id=\"2\"><label class=\"wpforms-field-label\" for=\"wpforms-15495-field_2\">Your Message <span class=\"wpforms-required-label\">*<\/span><\/label><textarea id=\"wpforms-15495-field_2\" class=\"wpforms-field-medium wpforms-field-required\" name=\"wpforms[fields][2]\" required><\/textarea><\/div><div id=\"wpforms-15495-field_11-container\" class=\"wpforms-field wpforms-field-radio wpforms-list-2-columns\" data-field-id=\"11\"><label class=\"wpforms-field-label\">How did you hear about us?<\/label><ul id=\"wpforms-15495-field_11\"><li class=\"choice-9 depth-1\"><input type=\"radio\" id=\"wpforms-15495-field_11_9\" name=\"wpforms[fields][11]\" value=\"Newsletter &quot;electrive&quot;\"  ><label class=\"wpforms-field-label-inline\" for=\"wpforms-15495-field_11_9\">Newsletter \"electrive\"<\/label><\/li><li class=\"choice-3 depth-1\"><input type=\"radio\" id=\"wpforms-15495-field_11_3\" name=\"wpforms[fields][11]\" value=\"Trade fair\"  ><label class=\"wpforms-field-label-inline\" for=\"wpforms-15495-field_11_3\">Trade fair<\/label><\/li><li class=\"choice-1 depth-1\"><input type=\"radio\" id=\"wpforms-15495-field_11_1\" name=\"wpforms[fields][11]\" value=\"Online search (Google, Bing, etc.)\"  ><label class=\"wpforms-field-label-inline\" for=\"wpforms-15495-field_11_1\">Online search (Google, Bing, etc.)<\/label><\/li><li class=\"choice-4 depth-1\"><input type=\"radio\" id=\"wpforms-15495-field_11_4\" name=\"wpforms[fields][11]\" value=\"Recommendation\"  ><label class=\"wpforms-field-label-inline\" for=\"wpforms-15495-field_11_4\">Recommendation<\/label><\/li><li class=\"choice-6 depth-1\"><input type=\"radio\" id=\"wpforms-15495-field_11_6\" name=\"wpforms[fields][11]\" value=\"Online advertising (e.g. Google Ads)\"  ><label class=\"wpforms-field-label-inline\" for=\"wpforms-15495-field_11_6\">Online advertising (e.g. Google Ads)<\/label><\/li><li class=\"choice-8 depth-1\"><input type=\"radio\" id=\"wpforms-15495-field_11_8\" name=\"wpforms[fields][11]\" value=\" Article on pressebox.de\"  ><label class=\"wpforms-field-label-inline\" for=\"wpforms-15495-field_11_8\">Article on pressebox.de<\/label><\/li><li class=\"choice-2 depth-1\"><input type=\"radio\" id=\"wpforms-15495-field_11_2\" name=\"wpforms[fields][11]\" value=\"Social Media\"  ><label class=\"wpforms-field-label-inline\" for=\"wpforms-15495-field_11_2\">Social Media<\/label><\/li><li class=\"choice-7 depth-1\"><input type=\"radio\" id=\"wpforms-15495-field_11_7\" name=\"wpforms[fields][11]\" value=\"Magazine Article \"  ><label class=\"wpforms-field-label-inline\" for=\"wpforms-15495-field_11_7\">Magazine Article<\/label><\/li><li class=\"choice-5 depth-1\"><input type=\"radio\" id=\"wpforms-15495-field_11_5\" name=\"wpforms[fields][11]\" value=\"Others\"  ><label class=\"wpforms-field-label-inline\" for=\"wpforms-15495-field_11_5\">Others<\/label><\/li><\/ul><div class=\"wpforms-field-description\">Thank you for your reply!<\/div><\/div><div id=\"wpforms-15495-field_5-container\" class=\"wpforms-field wpforms-field-checkbox\" data-field-id=\"5\"><label class=\"wpforms-field-label\">Privacy Policy <span class=\"wpforms-required-label\">*<\/span><\/label><ul id=\"wpforms-15495-field_5\" class=\"wpforms-field-required\"><li class=\"choice-1 depth-1\"><input type=\"checkbox\" id=\"wpforms-15495-field_5_1\" name=\"wpforms[fields][5][]\" value=\"I have read and accepted the information on &lt;a href=&quot;www.knestel.de\/datenschutz&quot;&gt;privacy&lt;\/a&gt;. I am aware that I can revoke this consent.\" required ><label class=\"wpforms-field-label-inline\" for=\"wpforms-15495-field_5_1\">I have read and accepted the information on <a href=\"www.knestel.de\/datenschutz\">privacy<\/a>. I am aware that I can revoke this consent.<\/label><\/li><\/ul><\/div><script>\n\t\t\t\t( function() {\n\t\t\t\t\tconst style = document.createElement( 'style' );\n\t\t\t\t\tstyle.appendChild( document.createTextNode( '#wpforms-15495-field_3-container { position: absolute !important; overflow: hidden !important; display: inline !important; height: 1px !important; width: 1px !important; z-index: -1000 !important; padding: 0 !important; } #wpforms-15495-field_3-container input { visibility: hidden; } #wpforms-conversational-form-page #wpforms-15495-field_3-container label { counter-increment: none; }' ) );\n\t\t\t\t\tdocument.head.appendChild( style );\n\t\t\t\t\tdocument.currentScript?.remove();\n\t\t\t\t} )();\n\t\t\t<\/script><\/div><!-- .wpforms-field-container --><div class=\"wpforms-recaptcha-container wpforms-is-hcaptcha\" >\t\t<input\n\t\t\t\ttype=\"hidden\"\n\t\t\t\tclass=\"hcaptcha-widget-id\"\n\t\t\t\tname=\"hcaptcha-widget-id\"\n\t\t\t\tvalue=\"eyJzb3VyY2UiOlsid3Bmb3Jtc1wvd3Bmb3Jtcy5waHAiLCJ3cGZvcm1zLWxpdGVcL3dwZm9ybXMucGhwIl0sImZvcm1faWQiOjE1NDk1fQ==-1c1866a20a6a4b2e301438b318c95a9a\">\n\t\t\t\t<h-captcha\n\t\t\tclass=\"h-captcha\"\n\t\t\tdata-sitekey=\"6168a651-18f1-4c15-ba26-53c868d24caa\"\n\t\t\tdata-theme=\"light\"\n\t\t\tdata-size=\"normal\"\n\t\t\tdata-auto=\"false\"\n\t\t\tdata-ajax=\"false\"\n\t\t\tdata-force=\"true\">\n\t\t<\/h-captcha>\n\t\t<input type=\"hidden\" id=\"hcaptcha_wpforms_nonce\" name=\"hcaptcha_wpforms_nonce\" value=\"6916776eb3\" \/><input type=\"hidden\" name=\"_wp_http_referer\" value=\"\/en\/wp-json\/wp\/v2\/pages\/2704\" \/><\/div><div class=\"wpforms-recaptcha-container wpforms-is-hcaptcha\" ><div class=\"h-captcha\" data-sitekey=\"6168a651-18f1-4c15-ba26-53c868d24caa\"><\/div><input type=\"text\" name=\"g-recaptcha-hidden\" class=\"wpforms-recaptcha-hidden\" style=\"position:absolute!important;clip:rect(0,0,0,0)!important;height:1px!important;width:1px!important;border:0!important;overflow:hidden!important;padding:0!important;margin:0!important;\" data-rule-hcaptcha=\"1\"><\/div><div class=\"wpforms-submit-container\" ><input type=\"hidden\" name=\"wpforms[id]\" value=\"15495\"><input type=\"hidden\" name=\"page_title\" value=\"\"><input type=\"hidden\" name=\"page_url\" value=\"https:\/\/knestel.de\/en\/wp-json\/wp\/v2\/pages\/2704\"><input type=\"hidden\" name=\"url_referer\" value=\"\"><button type=\"submit\" name=\"wpforms[submit]\" id=\"wpforms-submit-15495\" class=\"wpforms-submit\" data-alt-text=\"Sending...\" data-submit-text=\"SEND\" aria-live=\"assertive\" value=\"wpforms-submit\">SEND<\/button><img decoding=\"async\" src=\"https:\/\/knestel.de\/wp-content\/plugins\/wpforms-lite\/assets\/images\/submit-spin.svg\" class=\"wpforms-submit-spinner\" style=\"display: none;\" width=\"26\" height=\"26\" alt=\"Loading\"><\/div><\/form><\/div>  <!-- .wpforms-container -->\t\t\t\t<\/div>\n\t\t\t\t<\/div>\n\t\t\t\t\t<\/div>\n\t\t<\/div>\n\t\t\t\t\t<\/div>\n\t\t<\/section>\n\t\t\t\t<\/div>\n\t\t","protected":false},"excerpt":{"rendered":"<p>Optiscore Optischer Scheibenmessrahmen zur elektronischen Direktauswertung Elektronische Zielscheibe auf Infrarotbasis \u00dcber einen doppelten Lichtvorhang (Infrarot) wird ein Geschoss an der Zielscheibe erkannt und \u00fcber zwei Highspeed-Optiken pr\u00e4zise erfasst. Durch den doppelten Lichtvorhang erreichen wir eine sehr hohe Messaufl\u00f6sung und k\u00f6nnen auch St\u00f6reinfl\u00fcsse (z.B. Fremdobjekte wie Fliegen) oder unterschiedlich gro\u00dfe Sch\u00fctzen herausrechnen. Das optische System ist [&hellip;]<\/p>\n","protected":false},"author":4,"featured_media":0,"parent":1256,"menu_order":24,"comment_status":"closed","ping_status":"closed","template":"","meta":{"footnotes":""},"class_list":["post-2704","page","type-page","status-publish","hentry"],"_links":{"self":[{"href":"https:\/\/knestel.de\/en\/wp-json\/wp\/v2\/pages\/2704","targetHints":{"allow":["GET"]}}],"collection":[{"href":"https:\/\/knestel.de\/en\/wp-json\/wp\/v2\/pages"}],"about":[{"href":"https:\/\/knestel.de\/en\/wp-json\/wp\/v2\/types\/page"}],"author":[{"embeddable":true,"href":"https:\/\/knestel.de\/en\/wp-json\/wp\/v2\/users\/4"}],"replies":[{"embeddable":true,"href":"https:\/\/knestel.de\/en\/wp-json\/wp\/v2\/comments?post=2704"}],"version-history":[{"count":5,"href":"https:\/\/knestel.de\/en\/wp-json\/wp\/v2\/pages\/2704\/revisions"}],"predecessor-version":[{"id":18363,"href":"https:\/\/knestel.de\/en\/wp-json\/wp\/v2\/pages\/2704\/revisions\/18363"}],"up":[{"embeddable":true,"href":"https:\/\/knestel.de\/en\/wp-json\/wp\/v2\/pages\/1256"}],"wp:attachment":[{"href":"https:\/\/knestel.de\/en\/wp-json\/wp\/v2\/media?parent=2704"}],"curies":[{"name":"wp","href":"https:\/\/api.w.org\/{rel}","templated":true}]}}